{"id":57,"date":"2012-08-24T16:46:09","date_gmt":"2012-08-24T14:46:09","guid":{"rendered":"http:\/\/a-thinnes.de\/grillblog\/?p=57"},"modified":"2013-01-25T09:01:06","modified_gmt":"2013-01-25T08:01:06","slug":"hallo-grill-und-bbq-fans-yabbb-yet-another-bbq-blog","status":"publish","type":"page","link":"https:\/\/www.a-thinnes.de\/grillblog\/","title":{"rendered":"Hallo Grill- und BBQ-Fans! YABBB &#8211; Yet another BBQ-Blog"},"content":{"rendered":"<p>Willkommen auf meinem neuen BBQ-Blog.<\/p>\n<p>Hier m\u00f6chte ich nach und nach einige meiner Aktivit\u00e4ten rund ums Grillen, Outdoorcooking und mein Lampenhobby dokumentieren und einem (hoffentlich) interessierten Publikum pr\u00e4sentieren. Au\u00dferdem nutze ich diese Form, um auf meiner Website ein Wenig f\u00fcr Ordnung zu sorgen und gleichzeitig schneller und aktueller zu werden.<\/p>\n<p><a href=\"http:\/\/a-thinnes.de\/grillblog\/2012\/04\/hallo-welt\/mollie\/\" rel=\"attachment wp-att-11\"><img loading=\"lazy\" decoding=\"async\" class=\"alignnone\" title=\"mollie\" alt=\"\" src=\"http:\/\/a-thinnes.de\/grillblog\/wp-content\/uploads\/2012\/04\/mollie.jpg\" width=\"303\" height=\"241\" \/><\/a><a href=\"http:\/\/a-thinnes.de\/grillblog\/hallo-grill-und-bbq-fans-yabbb-yet-another-bbq-blog\/img_2742\/\" rel=\"attachment wp-att-242\">\u00a0\u00a0 <img loading=\"lazy\" decoding=\"async\" class=\"size-medium wp-image-242 alignnone\" alt=\"\" src=\"http:\/\/a-thinnes.de\/grillblog\/wp-content\/uploads\/2012\/08\/IMG_2742-225x300.jpg\" width=\"180\" height=\"224\" \/><\/a><\/p>\n<p>Der Vorteil eines eigenen Blogs ist, dass man selber die Kontrolle \u00fcber die Inhalte hat. Solange es diese Website gibt, wird es auch mein Blog geben und die darin enthaltenen Informationen. Bei sozialen Netzen kann das morgen schon anders sein &#8211; z.B. wenn Herr Zuckerberg Veganer wird und Bilder von Fleisch pl\u00f6tzlich nicht mehr opportun sind! :D<\/p>\n<p>Wenn es am Anfang etwas holprig ist, bitte ich um Nachsicht &#8211; habe bislang noch nie mit WordPress gearbeitet. Und die Betonung liegt auf &#8222;Nach und Nach&#8220;! <img src=\"https:\/\/www.a-thinnes.de\/grillblog\/wp-includes\/images\/smilies\/icon_mrgreen.gif\" alt=\":mrgreen:\" class=\"wp-smiley\" style=\"height: 1em; max-height: 1em;\" \/><\/p>\n<p>&nbsp;<\/p>\n<p>Bis demn\u00e4chst!<\/p>\n<p>&nbsp;<\/p>\n<p>Gr\u00fc\u00dfle und Tsch\u00f6h!<\/p>\n<p>&nbsp;<\/p>\n<p>Armin<\/p>\n","protected":false},"excerpt":{"rendered":"<p>Willkommen auf meinem neuen BBQ-Blog. Hier m\u00f6chte ich nach und nach einige meiner Aktivit\u00e4ten rund ums Grillen, Outdoorcooking und mein Lampenhobby dokumentieren und einem (hoffentlich) interessierten Publikum pr\u00e4sentieren. Au\u00dferdem nutze ich diese Form, um auf meiner Website ein Wenig f\u00fcr &hellip; <a href=\"https:\/\/www.a-thinnes.de\/grillblog\/\">Weiterlesen <span class=\"meta-nav\">&rarr;<\/span><\/a><\/p>\n","protected":false},"author":2,"featured_media":0,"parent":0,"menu_order":0,"comment_status":"closed","ping_status":"closed","template":"sidebar-page.php","meta":{"footnotes":""},"class_list":["post-57","page","type-page","status-publish","hentry"],"_links":{"self":[{"href":"https:\/\/www.a-thinnes.de\/grillblog\/wp-json\/wp\/v2\/pages\/57","targetHints":{"allow":["GET"]}}],"collection":[{"href":"https:\/\/www.a-thinnes.de\/grillblog\/wp-json\/wp\/v2\/pages"}],"about":[{"href":"https:\/\/www.a-thinnes.de\/grillblog\/wp-json\/wp\/v2\/types\/page"}],"author":[{"embeddable":true,"href":"https:\/\/www.a-thinnes.de\/grillblog\/wp-json\/wp\/v2\/users\/2"}],"replies":[{"embeddable":true,"href":"https:\/\/www.a-thinnes.de\/grillblog\/wp-json\/wp\/v2\/comments?post=57"}],"version-history":[{"count":14,"href":"https:\/\/www.a-thinnes.de\/grillblog\/wp-json\/wp\/v2\/pages\/57\/revisions"}],"predecessor-version":[{"id":63,"href":"https:\/\/www.a-thinnes.de\/grillblog\/wp-json\/wp\/v2\/pages\/57\/revisions\/63"}],"wp:attachment":[{"href":"https:\/\/www.a-thinnes.de\/grillblog\/wp-json\/wp\/v2\/media?parent=57"}],"curies":[{"name":"wp","href":"https:\/\/api.w.org\/{rel}","templated":true}]}}